{"id":9,"date":"2022-10-26T17:21:12","date_gmt":"2022-10-26T17:21:12","guid":{"rendered":"https:\/\/laurentfilipe.com\/?page_id=9"},"modified":"2022-10-28T09:09:34","modified_gmt":"2022-10-28T09:09:34","slug":"about","status":"publish","type":"page","link":"https:\/\/laurentfilipe.com\/?page_id=9","title":{"rendered":"Biografia (PT\/Eng)"},"content":{"rendered":"\n<p>M\u00fasico, trompetista-cantor, produtor, actor ocasional, realizador e gestor de projectos, Laurent Filipe nasceu em 1962.<\/p>\n\n\n\n<p>Licenciou-se em Belas Artes-M\u00fasica pela Universidade de Kansas, em 1985 (EUA) e obteve em 1987 a p\u00f3s gradua\u00e7\u00e3o em Composi\u00e7\u00e3o para Cinema pelo Berklee College of Music de Boston.<\/p>\n\n\n\n<p>A par de uma extensa obra, multiplica-se por diversos projectos da sua cria\u00e7\u00e3o e gest\u00e3o.<\/p>\n\n\n\n<p>\u00c9 conhecido do grande p\u00fablico pela sua presen\u00e7a nos ecr\u00e3s.<\/p>\n\n\n\n<p>Ganhou v\u00e1rios pr\u00e9mios em Portugal e no estrangeiro.<\/p>\n\n\n\n<p><em>Mais em <\/em><a href=\"https:\/\/pt.wikipedia.org\/wiki\/Laurent_Filipe\"><em>https:\/\/pt.wikipedia.org\/wiki\/Laurent_Filipe<\/em><\/a><\/p>\n\n\n\n<div style=\"height:61px\" aria-hidden=\"true\" class=\"wp-block-spacer\"><\/div>\n\n\n\n<hr class=\"wp-block-separator has-alpha-channel-opacity\"\/>\n\n\n\n<p><\/p>\n\n\n\n<div style=\"height:61px\" aria-hidden=\"true\" class=\"wp-block-spacer\"><\/div>\n\n\n\n<p><\/p>\n\n\n\n<p><strong>BIO NOTES<\/strong><\/p>\n\n\n\n<p>Musician, trumpeter-singer, producer, occasional actor, director and project manager, Laurent Filipe was born in 1962.<\/p>\n\n\n\n<p>Graduated in fine arts (music) from the University of Kansas in 1985 and obtained a post graduate diploma in film scoring from Berklee College of Music in 1987.<\/p>\n\n\n\n<p>Along with an extensive published work Laurent develops and manages a diversity of creative projects and has won several awards in Portugal and abroad.<\/p>\n\n\n\n<figure class=\"wp-block-image size-large\"><img loading=\"lazy\" decoding=\"async\" width=\"1024\" height=\"738\" src=\"https:\/\/laurentfilipe.com\/wp-content\/uploads\/2022\/10\/Foto-1-1024x738.jpg\" alt=\"\" class=\"wp-image-33\" srcset=\"https:\/\/laurentfilipe.com\/wp-content\/uploads\/2022\/10\/Foto-1-1024x738.jpg 1024w, https:\/\/laurentfilipe.com\/wp-content\/uploads\/2022\/10\/Foto-1-300x216.jpg 300w, https:\/\/laurentfilipe.com\/wp-content\/uploads\/2022\/10\/Foto-1-768x554.jpg 768w, https:\/\/laurentfilipe.com\/wp-content\/uploads\/2022\/10\/Foto-1.jpg 1200w\" sizes=\"auto, (max-width: 767px) 89vw, (max-width: 1000px) 54vw, (max-width: 1071px) 543px, 580px\" \/><\/figure>\n","protected":false},"excerpt":{"rendered":"<p>M\u00fasico, trompetista-cantor, produtor, actor ocasional, realizador e gestor de projectos, Laurent Filipe nasceu em 1962. Licenciou-se em Belas Artes-M\u00fasica pela Universidade de Kansas, em 1985 (EUA) e obteve em 1987 a p\u00f3s gradua\u00e7\u00e3o em Composi\u00e7\u00e3o para Cinema pelo Berklee College of Music de Boston. A par de uma extensa obra, multiplica-se por diversos projectos da &hellip; <\/p>\n<p class=\"link-more\"><a href=\"https:\/\/laurentfilipe.com\/?page_id=9\" class=\"more-link\">Continue reading<span class=\"screen-reader-text\"> &#8220;Biografia (PT\/Eng)&#8221;<\/span><\/a><\/p>\n","protected":false},"author":1,"featured_media":0,"parent":0,"menu_order":0,"comment_status":"closed","ping_status":"closed","template":"","meta":{"footnotes":""},"class_list":["post-9","page","type-page","status-publish","hentry"],"_links":{"self":[{"href":"https:\/\/laurentfilipe.com\/index.php?rest_route=\/wp\/v2\/pages\/9","targetHints":{"allow":["GET"]}}],"collection":[{"href":"https:\/\/laurentfilipe.com\/index.php?rest_route=\/wp\/v2\/pages"}],"about":[{"href":"https:\/\/laurentfilipe.com\/index.php?rest_route=\/wp\/v2\/types\/page"}],"author":[{"embeddable":true,"href":"https:\/\/laurentfilipe.com\/index.php?rest_route=\/wp\/v2\/users\/1"}],"replies":[{"embeddable":true,"href":"https:\/\/laurentfilipe.com\/index.php?rest_route=%2Fwp%2Fv2%2Fcomments&post=9"}],"version-history":[{"count":11,"href":"https:\/\/laurentfilipe.com\/index.php?rest_route=\/wp\/v2\/pages\/9\/revisions"}],"predecessor-version":[{"id":109,"href":"https:\/\/laurentfilipe.com\/index.php?rest_route=\/wp\/v2\/pages\/9\/revisions\/109"}],"wp:attachment":[{"href":"https:\/\/laurentfilipe.com\/index.php?rest_route=%2Fwp%2Fv2%2Fmedia&parent=9"}],"curies":[{"name":"wp","href":"https:\/\/api.w.org\/{rel}","templated":true}]}}