{"id":2,"date":"2022-10-26T10:45:40","date_gmt":"2022-10-26T10:45:40","guid":{"rendered":"https:\/\/laurentfilipe.com\/?page_id=2"},"modified":"2022-10-26T18:13:37","modified_gmt":"2022-10-26T18:13:37","slug":"sample-page","status":"publish","type":"page","link":"https:\/\/laurentfilipe.com\/?page_id=2","title":{"rendered":"Contactos"},"content":{"rendered":"\n<p><strong>Telem\u00f3vel<\/strong><br>LFProdu\u00e7\u00f5es (+351) 919 936 212<\/p>\n\n\n\n<p><strong>E-mail<\/strong><br><a href=\"mailto:lfproducoes31@gmail.com\">lfproducoes31@gmail.com<\/a><\/p>\n\n\n\n<p><\/p>\n\n\n\n<figure class=\"wp-block-image size-large\"><img loading=\"lazy\" decoding=\"async\" width=\"683\" height=\"1024\" src=\"https:\/\/laurentfilipe.com\/wp-content\/uploads\/2022\/10\/IMG-20220710-WA0001-683x1024.jpg\" alt=\"\" class=\"wp-image-31\" srcset=\"https:\/\/laurentfilipe.com\/wp-content\/uploads\/2022\/10\/IMG-20220710-WA0001-683x1024.jpg 683w, https:\/\/laurentfilipe.com\/wp-content\/uploads\/2022\/10\/IMG-20220710-WA0001-200x300.jpg 200w, https:\/\/laurentfilipe.com\/wp-content\/uploads\/2022\/10\/IMG-20220710-WA0001.jpg 720w\" sizes=\"auto, (max-width: 683px) 100vw, 683px\" \/><\/figure>\n","protected":false},"excerpt":{"rendered":"<p>Telem\u00f3velLFProdu\u00e7\u00f5es (+351) 919 936 212 E-maillfproducoes31@gmail.com<\/p>\n","protected":false},"author":1,"featured_media":0,"parent":0,"menu_order":0,"comment_status":"closed","ping_status":"open","template":"","meta":{"footnotes":""},"class_list":["post-2","page","type-page","status-publish","hentry"],"_links":{"self":[{"href":"https:\/\/laurentfilipe.com\/index.php?rest_route=\/wp\/v2\/pages\/2","targetHints":{"allow":["GET"]}}],"collection":[{"href":"https:\/\/laurentfilipe.com\/index.php?rest_route=\/wp\/v2\/pages"}],"about":[{"href":"https:\/\/laurentfilipe.com\/index.php?rest_route=\/wp\/v2\/types\/page"}],"author":[{"embeddable":true,"href":"https:\/\/laurentfilipe.com\/index.php?rest_route=\/wp\/v2\/users\/1"}],"replies":[{"embeddable":true,"href":"https:\/\/laurentfilipe.com\/index.php?rest_route=%2Fwp%2Fv2%2Fcomments&post=2"}],"version-history":[{"count":6,"href":"https:\/\/laurentfilipe.com\/index.php?rest_route=\/wp\/v2\/pages\/2\/revisions"}],"predecessor-version":[{"id":98,"href":"https:\/\/laurentfilipe.com\/index.php?rest_route=\/wp\/v2\/pages\/2\/revisions\/98"}],"wp:attachment":[{"href":"https:\/\/laurentfilipe.com\/index.php?rest_route=%2Fwp%2Fv2%2Fmedia&parent=2"}],"curies":[{"name":"wp","href":"https:\/\/api.w.org\/{rel}","templated":true}]}}